{"id":1393,"date":"2022-04-21T11:26:28","date_gmt":"2022-04-21T11:26:28","guid":{"rendered":"https:\/\/lamaisondemouma.fr\/index.php\/about\/"},"modified":"2023-12-28T23:51:10","modified_gmt":"2023-12-28T22:51:10","slug":"a-propos","status":"publish","type":"page","link":"https:\/\/lamaisondemouma.fr\/index.php\/a-propos\/","title":{"rendered":"A propos"},"content":{"rendered":"\n<div class=\"wp-block-uagb-container uagb-block-a79bbcd0 alignfull uagb-is-root-container\"><div class=\"uagb-container-inner-blocks-wrap\">\n<div class=\"wp-block-uagb-advanced-heading uagb-block-84f814f5\"><p class=\"uagb-desc-text\">Micro-cr\u00e8che Le cellier<\/p><h1 class=\"uagb-heading-text\">Notre Micro-cr\u00e8che <\/h1><\/div>\n\n\n\n<div class=\"wp-block-uagb-container uagb-block-dfef776f\">\n<div class=\"wp-block-uagb-container uagb-block-3eb5150e\">\n<div class=\"wp-block-uagb-image uagb-block-1c91ce91 wp-block-uagb-image--layout-default wp-block-uagb-image--effect-static wp-block-uagb-image--align-none\"><figure class=\"wp-block-uagb-image__figure\"><img decoding=\"async\" srcset=\"https:\/\/lamaisondemouma.fr\/wp-content\/uploads\/2022\/04\/day-care-home-about-image.jpg ,http:\/\/lamaisondemouma.fr\/wp-content\/uploads\/2022\/04\/day-care-home-about-image.jpg 780w, http:\/\/lamaisondemouma.fr\/wp-content\/uploads\/2022\/04\/day-care-home-about-image.jpg 360w\" sizes=\"auto, (max-width: 480px) 150px\" src=\"https:\/\/lamaisondemouma.fr\/wp-content\/uploads\/2022\/04\/day-care-home-about-image.jpg\" alt=\"petite fille qui prend fait semblant de prendre une photo avec un jouet.\" class=\"uag-image-1518\" width=\"600\" height=\"600\" title=\"\" loading=\"lazy\"\/><\/figure><\/div>\n<\/div>\n\n\n\n<div class=\"wp-block-uagb-container uagb-block-0807ea80\">\n<h3 class=\"wp-block-heading\">Partenaire de confiance et cr\u00e9atrice d&rsquo;\u00e9panouissement<\/h3>\n\n\n\n<p>Chez nous, la bienveillance guide nos actions. Notre \u00e9quipe est d\u00e9di\u00e9e au bien-\u00eatre de chaque enfant, cr\u00e9ant un lieu s\u00fbr, chaleureux et stimulant. Notre \u00e9quipe qualifi\u00e9e adopte une approche p\u00e9dagogique personnalis\u00e9e, encourageant l\u2019\u00e9panouissement, la cr\u00e9ativit\u00e9 et l\u2019exploration. Rejoignez-nous pour une aventure \u00e9ducative pleine de joie.<\/p>\n\n\n\n<p>Envie d&rsquo;en savoir plus ?<\/p>\n\n\n\n<div class=\"wp-block-buttons is-layout-flex wp-block-buttons-is-layout-flex\">\n<div class=\"wp-block-button is-style-fill\"><a class=\"wp-block-button__link wp-element-button\" href=\"https:\/\/lamaisondemouma.fr\/index.php\/contact\/\">Contactez-nous !<\/a><\/div>\n<\/div>\n<\/div>\n<\/div>\n<\/div><\/div>\n\n\n\n<h2 class=\"wp-block-heading has-text-align-center\" style=\"padding-top:0;padding-right:var(--wp--preset--spacing--80);padding-bottom:0;padding-left:var(--wp--preset--spacing--80)\">Nos Valeurs<\/h2>\n\n\n\n<div class=\"wp-block-uagb-container uagb-block-6795bc4b alignfull uagb-is-root-container\"><div class=\"uagb-container-inner-blocks-wrap\">\n<div class=\"wp-block-uagb-container uagb-block-ebd677c7\">\n<div class=\"wp-block-uagb-info-box uagb-block-89d2db36 uagb-infobox__content-wrap  uagb-infobox-icon-above-title uagb-infobox-image-valign-top\"><div class=\"uagb-ifb-content\"><div class=\"uagb-ifb-icon-wrap\"><svg xmlns=\"https:\/\/www.w3.org\/2000\/svg\" viewBox=\"0 0 512 512\"><path d=\"M500.3 7.251C507.7 13.33 512 22.41 512 31.1V175.1C512 202.5 483.3 223.1 447.1 223.1C412.7 223.1 383.1 202.5 383.1 175.1C383.1 149.5 412.7 127.1 447.1 127.1V71.03L351.1 90.23V207.1C351.1 234.5 323.3 255.1 287.1 255.1C252.7 255.1 223.1 234.5 223.1 207.1C223.1 181.5 252.7 159.1 287.1 159.1V63.1C287.1 48.74 298.8 35.61 313.7 32.62L473.7 .6198C483.1-1.261 492.9 1.173 500.3 7.251H500.3zM74.66 303.1L86.5 286.2C92.43 277.3 102.4 271.1 113.1 271.1H174.9C185.6 271.1 195.6 277.3 201.5 286.2L213.3 303.1H239.1C266.5 303.1 287.1 325.5 287.1 351.1V463.1C287.1 490.5 266.5 511.1 239.1 511.1H47.1C21.49 511.1-.0019 490.5-.0019 463.1V351.1C-.0019 325.5 21.49 303.1 47.1 303.1H74.66zM143.1 359.1C117.5 359.1 95.1 381.5 95.1 407.1C95.1 434.5 117.5 455.1 143.1 455.1C170.5 455.1 191.1 434.5 191.1 407.1C191.1 381.5 170.5 359.1 143.1 359.1zM440.3 367.1H496C502.7 367.1 508.6 372.1 510.1 378.4C513.3 384.6 511.6 391.7 506.5 396L378.5 508C372.9 512.1 364.6 513.3 358.6 508.9C352.6 504.6 350.3 496.6 353.3 489.7L391.7 399.1H336C329.3 399.1 323.4 395.9 321 389.6C318.7 383.4 320.4 376.3 325.5 371.1L453.5 259.1C459.1 255 467.4 254.7 473.4 259.1C479.4 263.4 481.6 271.4 478.7 278.3L440.3 367.1zM116.7 219.1L19.85 119.2C-8.112 90.26-6.614 42.31 24.85 15.34C51.82-8.137 93.26-3.642 118.2 21.83L128.2 32.32L137.7 21.83C162.7-3.642 203.6-8.137 231.6 15.34C262.6 42.31 264.1 90.26 236.1 119.2L139.7 219.1C133.2 225.6 122.7 225.6 116.7 219.1H116.7z\"><\/path><\/svg><\/div><div class=\"uagb-ifb-title-wrap\"><h4 class=\"uagb-ifb-title\">Cr\u00e9ativit\u00e9<\/h4><\/div><p class=\"uagb-ifb-desc\">En encourageant la cr\u00e9ativit\u00e9, nous ouvrons un monde d&rsquo;exploration o\u00f9 chaque enfant peut d\u00e9velopper son imagination et sa curiosit\u00e9. Chaque jour est une toile blanche pour de nouvelles id\u00e9es et d\u00e9couvertes.<\/p><\/div><\/div>\n<\/div>\n\n\n\n<div class=\"wp-block-uagb-container uagb-block-f858d1f2\">\n<div class=\"wp-block-uagb-info-box uagb-block-d650850b uagb-infobox__content-wrap  uagb-infobox-icon-above-title uagb-infobox-image-valign-top\"><div class=\"uagb-ifb-content\"><div class=\"uagb-ifb-icon-wrap\"><svg xmlns=\"https:\/\/www.w3.org\/2000\/svg\" viewBox=\"0 0 576 512\"><path d=\"M275.2 250.5c7 7.375 18.5 7.375 25.5 0l108.1-114.2c31.5-33.12 29.72-88.1-5.65-118.7c-30.88-26.75-76.75-21.9-104.9 7.724L287.1 36.91L276.8 25.28C248.7-4.345 202.7-9.194 171.1 17.56C136.7 48.18 134.7 103.2 166.4 136.3L275.2 250.5zM568.2 336.3c-13.12-17.81-38.14-21.66-55.93-8.469l-119.7 88.17h-120.6c-8.748 0-15.1-7.25-15.1-15.1c0-8.746 7.25-15.1 15.1-15.1h78.25c15.1 0 30.75-10.87 33.37-26.62c3.25-19.1-12.12-37.37-31.62-37.37H191.1c-26.1 0-53.12 9.25-74.12 26.25l-46.5 37.74l-55.37-.0253c-8.748 0-15.1 7.275-15.1 16.02L.0001 496C.0001 504.8 7.251 512 15.1 512h346.1c22.03 0 43.92-7.187 61.7-20.28l135.1-99.51C577.5 379.1 581.3 354.1 568.2 336.3z\"><\/path><\/svg><\/div><div class=\"uagb-ifb-title-wrap\"><h4 class=\"uagb-ifb-title\">Bienveillance<\/h4><\/div><p class=\"uagb-ifb-desc\">En choisissant la bienveillance, nous fa\u00e7onnons un espace favorisant un sentiment de s\u00e9curit\u00e9 et d&rsquo;\u00e9panouissement. Grandir devient une aventure pleine de tendresse.<\/p><\/div><\/div>\n<\/div>\n\n\n\n<div class=\"wp-block-uagb-container uagb-block-d644becf\">\n<div class=\"wp-block-uagb-info-box uagb-block-73df4223 uagb-infobox__content-wrap  uagb-infobox-icon-above-title uagb-infobox-image-valign-top\"><div class=\"uagb-ifb-content\"><div class=\"uagb-ifb-icon-wrap\"><svg xmlns=\"https:\/\/www.w3.org\/2000\/svg\" viewBox=\"0 0 512 512\"><path d=\"M0 190.9V185.1C0 115.2 50.52 55.58 119.4 44.1C164.1 36.51 211.4 51.37 244 84.02L256 96L267.1 84.02C300.6 51.37 347 36.51 392.6 44.1C461.5 55.58 512 115.2 512 185.1V190.9C512 232.4 494.8 272.1 464.4 300.4L283.7 469.1C276.2 476.1 266.3 480 256 480C245.7 480 235.8 476.1 228.3 469.1L47.59 300.4C17.23 272.1 .0003 232.4 .0003 190.9L0 190.9z\"><\/path><\/svg><\/div><div class=\"uagb-ifb-title-wrap\"><h4 class=\"uagb-ifb-title\">Empathie<\/h4><\/div><p class=\"uagb-ifb-desc\">Avec empathie, nous construisons un environnement o\u00f9 chaque enfant se sent compris, aim\u00e9 et pr\u00eat \u00e0 explorer le monde avec confiance.<\/p><\/div><\/div>\n<\/div>\n\n\n\n<div class=\"wp-block-uagb-container uagb-block-3c8d770a\">\n<div class=\"wp-block-uagb-info-box uagb-block-ece560e1 uagb-infobox__content-wrap  uagb-infobox-icon-above-title uagb-infobox-image-valign-top\"><div class=\"uagb-ifb-content\"><div class=\"uagb-ifb-icon-wrap\"><svg xmlns=\"https:\/\/www.w3.org\/2000\/svg\" viewBox=\"0 0 640 512\"><path d=\"M128 95.1c26.5 0 47.1-21.5 47.1-47.1S154.5 0 128 0S80.01 21.5 80.01 47.1S101.5 95.1 128 95.1zM511.1 95.1c26.5 0 47.1-21.5 47.1-47.1S538.5 0 511.1 0c-26.5 0-48 21.5-48 47.1S485.5 95.1 511.1 95.1zM603.5 258.3l-18.5-80.13c-4.625-20-18.62-36.88-37.5-44.88c-18.5-8-38.1-6.75-56.12 3.25c-22.62 13.38-39.62 34.5-48.12 59.38l-11.25 33.88l-15.1 10.25L415.1 144c0-8.75-7.25-16-16-16H240c-8.75 0-16 7.25-16 16L224 239.1l-16.12-10.25l-11.25-33.88c-8.375-25-25.38-46-48.12-59.38c-17.25-10-37.63-11.25-56.12-3.25c-18.88 8-32.88 24.88-37.5 44.88l-18.37 80.13c-4.625 20 .7506 41.25 14.37 56.75l67.25 75.88l10.12 92.63C130 499.8 143.8 512 160 512c1.25 0 2.25-.125 3.5-.25c17.62-1.875 30.25-17.62 28.25-35.25l-10-92.75c-1.5-13-7-25.12-15.62-35l-43.37-49l17.62-70.38l6.876 20.38c4 12.5 11.87 23.5 24.5 32.63l51 32.5c4.623 2.875 12.12 4.625 17.25 5h159.1c5.125-.375 12.62-2.125 17.25-5l51-32.5c12.62-9.125 20.5-20 24.5-32.63l6.875-20.38l17.63 70.38l-43.37 49c-8.625 9.875-14.12 22-15.62 35l-10 92.75c-2 17.62 10.75 33.38 28.25 35.25C477.7 511.9 478.7 512 479.1 512c16.12 0 29.1-12.12 31.75-28.5l10.12-92.63L589.1 315C602.7 299.5 608.1 278.3 603.5 258.3zM46.26 358.1l-44 110c-6.5 16.38 1.5 35 17.88 41.63c16.75 6.5 35.12-1.75 41.62-17.88l27.62-69.13l-2-18.25L46.26 358.1zM637.7 468.1l-43.1-110l-41.13 46.38l-2 18.25l27.62 69.13C583.2 504.4 595.2 512 607.1 512c3.998 0 7.998-.75 11.87-2.25C636.2 503.1 644.2 484.5 637.7 468.1z\"><\/path><\/svg><\/div><div class=\"uagb-ifb-title-wrap\"><h4 class=\"uagb-ifb-title\">P\u00e9dagogie<\/h4><\/div><p class=\"uagb-ifb-desc\">La p\u00e9dagogie est notre phare. En adoptant une approche \u00e9ducative dynamique, nous cr\u00e9ons un cadre o\u00f9 chaque enfant est accompagn\u00e9 avec soin dans son parcours de d\u00e9couverte. <\/p><\/div><\/div>\n<\/div>\n<\/div><\/div>\n\n\n\n<div class=\"wp-block-buttons is-content-justification-center is-layout-flex wp-container-core-buttons-is-layout-a89b3969 wp-block-buttons-is-layout-flex\">\n<div class=\"wp-block-button is-style-fill\"><a class=\"wp-block-button__link wp-element-button\">En savoir plus<\/a><\/div>\n<\/div>\n\n\n\n<div class=\"wp-block-uagb-container uagb-block-a4fd6341 alignfull uagb-is-root-container\"><div class=\"uagb-container-inner-blocks-wrap\">\n<div class=\"wp-block-uagb-container uagb-block-a1d31e07\">\n<div class=\"wp-block-uagb-advanced-heading uagb-block-c4303f02\"><h2 class=\"uagb-heading-text\">Fondatrice et g\u00e9rante<\/h2><\/div>\n<\/div>\n\n\n\n<div class=\"wp-block-uagb-container uagb-block-a0ba220c\">\n<div class=\"wp-block-uagb-image aligncenter uagb-block-36311273 wp-block-uagb-image--layout-default wp-block-uagb-image--effect-static wp-block-uagb-image--align-center\"><figure class=\"wp-block-uagb-image__figure\"><img decoding=\"async\" srcset=\"https:\/\/lamaisondemouma.fr\/wp-content\/uploads\/2022\/04\/day-care-home-gallery-image-4.jpg ,http:\/\/lamaisondemouma.fr\/wp-content\/uploads\/2022\/04\/day-care-home-gallery-image-4.jpg 780w, http:\/\/lamaisondemouma.fr\/wp-content\/uploads\/2022\/04\/day-care-home-gallery-image-4.jpg 360w\" sizes=\"auto, (max-width: 480px) 150px\" src=\"https:\/\/lamaisondemouma.fr\/wp-content\/uploads\/2022\/04\/day-care-home-gallery-image-4.jpg\" alt=\"petit gar\u00e7on qui joue avec des cubes en mousse\" class=\"uag-image-1584\" width=\"320\" height=\"440\" title=\"\" loading=\"lazy\"\/><\/figure><\/div>\n<\/div>\n\n\n\n<div class=\"wp-block-uagb-container uagb-block-2089278f\">\n<div class=\"wp-block-uagb-info-box uagb-block-55905abe uagb-infobox__content-wrap  uagb-infobox-icon-above-title uagb-infobox-image-valign-top\"><div class=\"uagb-ifb-content\"><div class=\"uagb-ifb-icon-wrap\"><svg xmlns=\"https:\/\/www.w3.org\/2000\/svg\" viewBox=\"0 0 448 512\"><path d=\"M96 224C84.72 224 74.05 226.3 64 229.9V224c0-35.3 28.7-64 64-64c17.67 0 32-14.33 32-32S145.7 96 128 96C57.42 96 0 153.4 0 224v96c0 53.02 42.98 96 96 96s96-42.98 96-96S149 224 96 224zM352 224c-11.28 0-21.95 2.305-32 5.879V224c0-35.3 28.7-64 64-64c17.67 0 32-14.33 32-32s-14.33-32-32-32c-70.58 0-128 57.42-128 128v96c0 53.02 42.98 96 96 96s96-42.98 96-96S405 224 352 224z\"><\/path><\/svg><\/div><div class=\"uagb-ifb-title-wrap\"><p class=\"uagb-ifb-title\">Cette micro-cr\u00e8che sur Le Cellier est un projet qui trouve ses racines dans la volont\u00e9 de contribuer au bien \u00eatre des enfants . L\u2019important est d\u2019offrir un environnement calme et s\u00e9curis\u00e9 aux enfants, o\u00f9 ils peuvent grandir et s\u2019\u00e9panouir \u00e0 leur propre rythme.<\/p><\/div><\/div><\/div>\n\n\n\n<div class=\"wp-block-uagb-info-box uagb-block-1ed667b4 uagb-infobox__content-wrap  uagb-infobox-icon-above-title uagb-infobox-image-valign-top\"><div class=\"uagb-ifb-content\"><div class=\"uagb-ifb-title-wrap\"><h5 class=\"uagb-ifb-title\">Fatouma ABDOULKADER ALI<\/h5><\/div><\/div><\/div>\n<\/div>\n<\/div><\/div>\n\n\n\n<div class=\"wp-block-uagb-container uagb-block-3645bfff alignfull uagb-is-root-container\"><div class=\"uagb-container-inner-blocks-wrap\">\n<div class=\"wp-block-uagb-advanced-heading uagb-block-2b1b7259\"><h6 class=\"uagb-heading-text\">Les mots des parents<\/h6><\/div>\n\n\n\n<div class=\"wp-block-uagb-container uagb-block-f8ca30ee\">\n<div class=\"wp-block-uagb-container uagb-block-382124c3\">\n<div class=\"wp-block-uagb-image uagb-block-37500b72 wp-block-uagb-image--layout-default wp-block-uagb-image--effect-static wp-block-uagb-image--align-none\"><figure class=\"wp-block-uagb-image__figure\"><img decoding=\"async\" srcset=\"https:\/\/lamaisondemouma.fr\/wp-content\/uploads\/2022\/04\/day-care-home-testimonial-image.jpg \" sizes=\"auto, (max-width: 480px) 150px\" src=\"https:\/\/lamaisondemouma.fr\/wp-content\/uploads\/2022\/04\/day-care-home-testimonial-image.jpg\" alt=\"Photo d'une maman portant sa fille  combl\u00e9e par les service de la micro-cr\u00e8che La maison de mouma au Cellier 44850\" class=\"uag-image-1620\" width=\"396\" height=\"499\" title=\"\" loading=\"lazy\"\/><\/figure><\/div>\n<\/div>\n\n\n\n<div class=\"wp-block-uagb-container uagb-block-346f99d4\">\n<div class=\"wp-block-uagb-info-box uagb-block-5f7c3da1 uagb-infobox__content-wrap  uagb-infobox-icon-above-title uagb-infobox-image-valign-top\"><div class=\"uagb-ifb-content\"><div class=\"uagb-ifb-icon-wrap\"><svg xmlns=\"https:\/\/www.w3.org\/2000\/svg\" viewBox=\"0 0 448 512\"><path d=\"M96 224C84.72 224 74.05 226.3 64 229.9V224c0-35.3 28.7-64 64-64c17.67 0 32-14.33 32-32S145.7 96 128 96C57.42 96 0 153.4 0 224v96c0 53.02 42.98 96 96 96s96-42.98 96-96S149 224 96 224zM352 224c-11.28 0-21.95 2.305-32 5.879V224c0-35.3 28.7-64 64-64c17.67 0 32-14.33 32-32s-14.33-32-32-32c-70.58 0-128 57.42-128 128v96c0 53.02 42.98 96 96 96s96-42.98 96-96S405 224 352 224z\"><\/path><\/svg><\/div><div class=\"uagb-ifb-title-wrap\"><p class=\"uagb-ifb-title\">Mouma est une v\u00e9ritable p\u00e9pite ! Pleine d\u2019amour et d\u2019attention, elle cr\u00e9e un environnement s\u00e9curis\u00e9 et chaleureux o\u00f9 mon enfant s\u2019\u00e9panouit. On est combl\u00e9s de l\u2019avoir trouv\u00e9e. H\u00e2te de d\u00e9couvrir sa micro cr\u00e8che !<\/p><\/div><p class=\"uagb-ifb-desc\">Une maman combl\u00e9e<\/p><\/div><\/div>\n<\/div>\n<\/div>\n\n\n\n<div class=\"wp-block-columns is-layout-flex wp-container-core-columns-is-layout-c56c0161 wp-block-columns-is-layout-flex\" style=\"margin-top:var(--wp--preset--spacing--60);margin-bottom:var(--wp--preset--spacing--60);padding-top:var(--wp--preset--spacing--30);padding-right:0;padding-bottom:var(--wp--preset--spacing--30);padding-left:0\">\n<div class=\"wp-block-column is-layout-flow wp-block-column-is-layout-flow\">\n<ul class=\"wp-block-social-links is-horizontal is-content-justification-right is-layout-flex wp-container-core-social-links-is-layout-b88dbe8b wp-block-social-links-is-layout-flex\"><li class=\"wp-social-link wp-social-link-facebook  wp-block-social-link\"><a href=\"https:\/\/www.facebook.com\/people\/La-Maison-de-Mouma\/61554652504172\/\" class=\"wp-block-social-link-anchor\" target=\"_blank\" rel=\"noopener\"><svg width=\"24\" height=\"24\" viewBox=\"0 0 24 24\" version=\"1.1\" xmlns=\"http:\/\/www.w3.org\/2000\/svg\" aria-hidden=\"true\" focusable=\"false\"><path d=\"M12 2C6.5 2 2 6.5 2 12c0 5 3.7 9.1 8.4 9.9v-7H7.9V12h2.5V9.8c0-2.5 1.5-3.9 3.8-3.9 1.1 0 2.2.2 2.2.2v2.5h-1.3c-1.2 0-1.6.8-1.6 1.6V12h2.8l-.4 2.9h-2.3v7C18.3 21.1 22 17 22 12c0-5.5-4.5-10-10-10z\"><\/path><\/svg><span class=\"wp-block-social-link-label screen-reader-text\">Facebook<\/span><\/a><\/li><\/ul>\n<\/div>\n\n\n\n<div class=\"wp-block-column is-vertically-aligned-bottom is-layout-constrained wp-block-column-is-layout-constrained\" style=\"padding-top:var(--wp--preset--spacing--20);padding-bottom:var(--wp--preset--spacing--20)\">\n<p style=\"font-size:24px\">Retrouvez-nous sur notre page Facebook !<\/p>\n<\/div>\n<\/div>\n<\/div><\/div>\n\n\n\n<div class=\"wp-block-uagb-container uagb-block-d7d1f1a1 alignfull uagb-is-root-container\"><div class=\"uagb-container-inner-blocks-wrap\">\n<div class=\"wp-block-uagb-info-box uagb-block-824f5012 uagb-infobox__content-wrap  uagb-infobox-icon-above-title uagb-infobox-image-valign-top\"><div class=\"uagb-ifb-content\"><div class=\"uagb-ifb-title-wrap\"><h2 class=\"uagb-ifb-title\">Micro-cr\u00e8che &#8211; Le Cellier 44850<\/h2><\/div><p class=\"uagb-ifb-desc\">La Maison de Mouma<\/p><div class=\"uagb-ifb-button-wrapper wp-block-button\"><a href=\"https:\/\/opticreche.fr\/inscriptions\/questionnaire\/maisondeMouma\" class=\"uagb-infobox-cta-link wp-block-button__link\" target=\"_blank\" rel=\"noopener noreferrer\" onclick=\"return true;\" alt=\"\"><span class=\"uagb-inline-editing\">Pr\u00e9-inscription<\/span><\/a><\/div><\/div><\/div>\n<\/div><\/div>\n","protected":false},"excerpt":{"rendered":"<p>Micro-cr\u00e8che Le cellier Notre Micro-cr\u00e8che Partenaire de confiance et cr\u00e9atrice d&rsquo;\u00e9panouissement Chez nous, la bienveillance guide nos actions. Notre \u00e9quipe est d\u00e9di\u00e9e au bien-\u00eatre de chaque enfant, cr\u00e9ant un lieu s\u00fbr, chaleureux et stimulant. Notre \u00e9quipe qualifi\u00e9e adopte une approche p\u00e9dagogique personnalis\u00e9e, encourageant l\u2019\u00e9panouissement, la cr\u00e9ativit\u00e9 et l\u2019exploration. Rejoignez-nous pour une aventure \u00e9ducative pleine de &hellip;<\/p>\n<p class=\"read-more\"> <a class=\"\" href=\"https:\/\/lamaisondemouma.fr\/index.php\/a-propos\/\"> <span class=\"screen-reader-text\">A propos<\/span> Lire la suite\u00a0\u00bb<\/a><\/p>\n","protected":false},"author":1,"featured_media":0,"parent":0,"menu_order":0,"comment_status":"closed","ping_status":"closed","template":"","meta":{"_uag_custom_page_level_css":"","site-sidebar-layout":"no-sidebar","site-content-layout":"page-builder","ast-site-content-layout":"full-width-container","site-content-style":"unboxed","site-sidebar-style":"unboxed","ast-global-header-display":"","ast-banner-title-visibility":"","ast-main-header-display":"","ast-hfb-above-header-display":"","ast-hfb-below-header-display":"","ast-hfb-mobile-header-display":"","site-post-title":"disabled","ast-breadcrumbs-content":"","ast-featured-img":"disabled","footer-sml-layout":"","theme-transparent-header-meta":"enabled","adv-header-id-meta":"","stick-header-meta":"","header-above-stick-meta":"","header-main-stick-meta":"","header-below-stick-meta":"","astra-migrate-meta-layouts":"set","ast-page-background-enabled":"default","ast-page-background-meta":{"desktop":{"background-color":"var(--ast-global-color-4)","background-image":"","background-repeat":"repeat","background-position":"center center","background-size":"auto","background-attachment":"scroll","background-type":"","background-media":"","overlay-type":"","overlay-color":"","overlay-gradient":""},"tablet":{"background-color":"","background-image":"","background-repeat":"repeat","background-position":"center center","background-size":"auto","background-attachment":"scroll","background-type":"","background-media":"","overlay-type":"","overlay-color":"","overlay-gradient":""},"mobile":{"background-color":"","background-image":"","background-repeat":"repeat","background-position":"center center","background-size":"auto","background-attachment":"scroll","background-type":"","background-media":"","overlay-type":"","overlay-color":"","overlay-gradient":""}},"ast-content-background-meta":{"desktop":{"background-color":"var(--ast-global-color-5)","background-image":"","background-repeat":"repeat","background-position":"center center","background-size":"auto","background-attachment":"scroll","background-type":"","background-media":"","overlay-type":"","overlay-color":"","overlay-gradient":""},"tablet":{"background-color":"var(--ast-global-color-5)","background-image":"","background-repeat":"repeat","background-position":"center center","background-size":"auto","background-attachment":"scroll","background-type":"","background-media":"","overlay-type":"","overlay-color":"","overlay-gradient":""},"mobile":{"background-color":"var(--ast-global-color-5)","background-image":"","background-repeat":"repeat","background-position":"center center","background-size":"auto","background-attachment":"scroll","background-type":"","background-media":"","overlay-type":"","overlay-color":"","overlay-gradient":""}},"_themeisle_gutenberg_block_has_review":false,"_ti_tpc_template_sync":false,"_ti_tpc_template_id":"","footnotes":""},"class_list":["post-1393","page","type-page","status-publish","hentry"],"uagb_featured_image_src":{"full":false,"thumbnail":false,"medium":false,"medium_large":false,"large":false,"1536x1536":false,"2048x2048":false,"woocommerce_thumbnail":false,"woocommerce_single":false,"woocommerce_gallery_thumbnail":false},"uagb_author_info":{"display_name":"admin9617","author_link":"https:\/\/lamaisondemouma.fr\/author\/admin9617\/"},"uagb_comment_info":0,"uagb_excerpt":"Micro-cr\u00e8che Le cellier Notre Micro-cr\u00e8che Partenaire de confiance et cr\u00e9atrice d&rsquo;\u00e9panouissement Chez nous, la bienveillance guide nos actions. Notre \u00e9quipe est d\u00e9di\u00e9e au bien-\u00eatre de chaque enfant, cr\u00e9ant un lieu s\u00fbr, chaleureux et stimulant. Notre \u00e9quipe qualifi\u00e9e adopte une approche p\u00e9dagogique personnalis\u00e9e, encourageant l\u2019\u00e9panouissement, la cr\u00e9ativit\u00e9 et l\u2019exploration. Rejoignez-nous pour une aventure \u00e9ducative pleine de\u2026","_links":{"self":[{"href":"https:\/\/lamaisondemouma.fr\/index.php\/wp-json\/wp\/v2\/pages\/1393","targetHints":{"allow":["GET"]}}],"collection":[{"href":"https:\/\/lamaisondemouma.fr\/index.php\/wp-json\/wp\/v2\/pages"}],"about":[{"href":"https:\/\/lamaisondemouma.fr\/index.php\/wp-json\/wp\/v2\/types\/page"}],"author":[{"embeddable":true,"href":"https:\/\/lamaisondemouma.fr\/index.php\/wp-json\/wp\/v2\/users\/1"}],"replies":[{"embeddable":true,"href":"https:\/\/lamaisondemouma.fr\/index.php\/wp-json\/wp\/v2\/comments?post=1393"}],"version-history":[{"count":36,"href":"https:\/\/lamaisondemouma.fr\/index.php\/wp-json\/wp\/v2\/pages\/1393\/revisions"}],"predecessor-version":[{"id":2977,"href":"https:\/\/lamaisondemouma.fr\/index.php\/wp-json\/wp\/v2\/pages\/1393\/revisions\/2977"}],"wp:attachment":[{"href":"https:\/\/lamaisondemouma.fr\/index.php\/wp-json\/wp\/v2\/media?parent=1393"}],"curies":[{"name":"wp","href":"https:\/\/api.w.org\/{rel}","templated":true}]}}