{"id":1399,"date":"2022-04-21T11:29:52","date_gmt":"2022-04-21T11:29:52","guid":{"rendered":"https:\/\/lamaisondemouma.fr\/index.php\/contact\/"},"modified":"2024-07-11T14:52:00","modified_gmt":"2024-07-11T12:52:00","slug":"contact","status":"publish","type":"page","link":"https:\/\/lamaisondemouma.fr\/index.php\/contact\/","title":{"rendered":"Contact"},"content":{"rendered":"\n<div class=\"wp-block-uagb-container uagb-block-79a8b70d alignfull uagb-is-root-container\"><div class=\"uagb-container-inner-blocks-wrap\">\n<div class=\"wp-block-uagb-info-box uagb-block-800ea0e1 uagb-infobox__content-wrap  uagb-infobox-icon-above-title uagb-infobox-image-valign-top\"><div class=\"uagb-ifb-content\"><div class=\"uagb-ifb-title-wrap\"><span class=\"uagb-ifb-title-prefix\">Micro-cr\u00e8che le Cellier 44850<\/span><h1 class=\"uagb-ifb-title\">Des questions ?<\/h1><\/div><p class=\"uagb-ifb-desc\">Notre page de contact est \u00e0 votre disposition pour toute demande d&rsquo;information ou pour planifier une visite de notre micro-cr\u00e8che. Nous sommes l\u00e0 pour r\u00e9pondre \u00e0 vos questions et vous accompagner dans la d\u00e9couverte de notre environnement d\u00e9di\u00e9 \u00e0 l&rsquo;\u00e9panouissement de vos enfants.<\/p><\/div><\/div>\n\n\n\n<div class=\"wp-block-buttons is-content-justification-center is-layout-flex wp-container-core-buttons-is-layout-c8defb82 wp-block-buttons-is-layout-flex\" style=\"margin-top:0.8rem;margin-bottom:0.8rem\">\n<div class=\"wp-block-button is-style-fill\"><a class=\"wp-block-button__link wp-element-button\" href=\"https:\/\/lamaisondemouma.fr\/index.php\/pedagogie-micro-creche-le-cellier\/\" style=\"padding-top:var(--wp--preset--spacing--40);padding-right:var(--wp--preset--spacing--50);padding-bottom:var(--wp--preset--spacing--40);padding-left:var(--wp--preset--spacing--50)\">En savoir plus<\/a><\/div>\n<\/div>\n\n\n\n<div class=\"wp-block-uagb-container uagb-block-a25f9b60\">\n<div class=\"wp-block-uagb-container uagb-block-6b237a69\">\n<div class=\"wp-block-uagb-info-box uagb-block-418f3685 uagb-infobox__content-wrap  uagb-infobox-icon-above-title uagb-infobox-image-valign-top\"><div class=\"uagb-ifb-content\"><div class=\"uagb-ifb-title-wrap\"><h4 class=\"uagb-ifb-title\">Parents<\/h4><\/div><p class=\"uagb-ifb-desc\">Contactez-nous \u00e0 l&rsquo;adresse suivant ou remplissez le formulaire.<\/p><div class=\"uagb-ifb-button-wrapper wp-block-button\"><a href=\"#\" target=\"_self\" onclick=\"return false;\" class=\"uagb-infobox-cta-link\" rel=\"noopener noreferrer\" alt=\"\"><span class=\"uagb-inline-editing\"><\/span><\/a><\/div><\/div><\/div>\n\n\n\n<div class=\"wp-block-uagb-advanced-heading uagb-block-5db0f664\"><h6 class=\"uagb-heading-text\">E-mail<\/h6><p class=\"uagb-desc-text\">lamaisondemouma@hotmail.com<\/p><\/div>\n\n\n\n<div class=\"wp-block-uagb-advanced-heading uagb-block-29d1f97d\"><h6 class=\"uagb-heading-text\">T\u00e9l\u00e9phone<\/h6><p class=\"uagb-desc-text\">07 88 39 16 83<\/p><\/div>\n\n\n\n<div class=\"wp-block-uagb-info-box uagb-block-acb6512e uagb-infobox__content-wrap  uagb-infobox-icon-above-title uagb-infobox-image-valign-top\"><div class=\"uagb-ifb-content\"><div class=\"uagb-ifb-title-wrap\"><h6 class=\"uagb-ifb-title\">Adresse<\/h6><\/div><p class=\"uagb-ifb-desc\">1 All\u00e9e de la Roseraie, 44850 Le Cellier<\/p><div class=\"uagb-ifb-button-wrapper wp-block-button\"><a href=\"#\" target=\"_self\" onclick=\"return false;\" class=\"uagb-infobox-cta-link\" rel=\"noopener noreferrer\" alt=\"\"><svg xmlns=\"https:\/\/www.w3.org\/2000\/svg\" viewBox=\"0 0 512 512\"><path d=\"M160 416H96c-17.67 0-32-14.33-32-32V128c0-17.67 14.33-32 32-32h64c17.67 0 32-14.33 32-32S177.7 32 160 32H96C42.98 32 0 74.98 0 128v256c0 53.02 42.98 96 96 96h64c17.67 0 32-14.33 32-32S177.7 416 160 416zM502.6 233.4l-128-128c-12.51-12.51-32.76-12.49-45.25 0c-12.5 12.5-12.5 32.75 0 45.25L402.8 224H192C174.3 224 160 238.3 160 256s14.31 32 32 32h210.8l-73.38 73.38c-12.5 12.5-12.5 32.75 0 45.25s32.75 12.5 45.25 0l128-128C515.1 266.1 515.1 245.9 502.6 233.4z\"><\/path><\/svg><span class=\"uagb-inline-editing\">Map<\/span><\/a><\/div><\/div><\/div>\n\n\n\n<div class=\"wp-block-uagb-advanced-heading uagb-block-51d36457\"><h6 class=\"uagb-heading-text\">Horaires<\/h6><p class=\"uagb-desc-text\">Lundi-Vendredi: 7h30-18h30<br>Week-end: Ferm\u00e9<\/p><\/div>\n\n\n\n<div class=\"wp-block-uagb-advanced-heading uagb-block-db237c99\"><div class=\"uagb-separator\"><\/div><h6 class=\"uagb-heading-text\">On reste en contact ?<\/h6><\/div>\n\n\n\n<div class=\"wp-block-uagb-social-share uagb-social-share__outer-wrap uagb-social-share__layout-horizontal uagb-block-8fc65ae3\">\n<div class=\"wp-block-uagb-social-share-child uagb-ss-repeater uagb-ss__wrapper uagb-block-12c732dc\"><span class=\"uagb-ss__link\" data-href=\"https:\/\/www.facebook.com\/sharer.php?u=\" tabindex=\"0\" role=\"button\" aria-label=\"facebook\"><span class=\"uagb-ss__source-wrap\"><span class=\"uagb-ss__source-icon\"><svg xmlns=\"https:\/\/www.w3.org\/2000\/svg\" viewBox=\"0 0 448 512\"><path d=\"M400 32H48A48 48 0 0 0 0 80v352a48 48 0 0 0 48 48h137.3V327.7h-63V256h63v-54.64c0-62.15 37-96.48 93.67-96.48 27.14 0 55.52 4.84 55.52 4.84v61h-31.27c-30.81 0-40.42 19.12-40.42 38.73V256h68.78l-11 71.69h-57.78V480H400a48 48 0 0 0 48-48V80a48 48 0 0 0 -48-48z\"><\/path><\/svg><\/span><\/span><\/span><\/div>\n\n\n\n<div class=\"wp-block-uagb-social-share-child uagb-ss-repeater uagb-ss__wrapper uagb-block-b5737664\"><span class=\"uagb-ss__link\" data-href=\"https:\/\/www.facebook.com\/sharer.php?u=\" tabindex=\"0\" role=\"button\" aria-label=\"facebook\"><span class=\"uagb-ss__source-wrap\"><span class=\"uagb-ss__source-icon\"><svg xmlns=\"https:\/\/www.w3.org\/2000\/svg\" viewBox=\"0 0 448 512\"><path d=\"M224 202.7A53.34 53.34 0 1 0 277.4 256 53.38 53.38 0 0 0 224 202.7zm124.7-41a54 54 0 0 0 -30.41-30.41c-21-8.29-71-6.43-94.3-6.43s-73.25-1.93-94.31 6.43a54 54 0 0 0 -30.41 30.41c-8.28 21-6.43 71.05-6.43 94.33S91 329.3 99.32 350.3a54 54 0 0 0 30.41 30.41c21 8.29 71 6.43 94.31 6.43s73.24 1.93 94.3-6.43a54 54 0 0 0 30.41-30.41c8.35-21 6.43-71.05 6.43-94.33S357.1 182.7 348.8 161.7zM224 338a82 82 0 1 1 82-82A81.9 81.9 0 0 1 224 338zm85.38-148.3a19.14 19.14 0 1 1 19.13-19.14A19.1 19.1 0 0 1 309.4 189.7zM400 32H48A48 48 0 0 0 0 80V432a48 48 0 0 0 48 48H400a48 48 0 0 0 48-48V80A48 48 0 0 0 400 32zM382.9 322c-1.29 25.63-7.14 48.34-25.85 67s-41.4 24.63-67 25.85c-26.41 1.49-105.6 1.49-132 0-25.63-1.29-48.26-7.15-67-25.85s-24.63-41.42-25.85-67c-1.49-26.42-1.49-105.6 0-132 1.29-25.63 7.07-48.34 25.85-67s41.47-24.56 67-25.78c26.41-1.49 105.6-1.49 132 0 25.63 1.29 48.33 7.15 67 25.85s24.63 41.42 25.85 67.05C384.4 216.4 384.4 295.6 382.9 322z\"><\/path><\/svg><\/span><\/span><\/span><\/div>\n<\/div>\n<\/div>\n\n\n\n<div class=\"wp-block-uagb-container uagb-block-4582d3ab\"><div class=\"wpforms-container wpforms-block wpforms-block-ebbc0af5-02ed-48c3-b7be-20dd6647accc\" id=\"wpforms-468\"><form id=\"wpforms-form-468\" class=\"wpforms-validate wpforms-form wpforms-ajax-form\" data-formid=\"468\" method=\"post\" enctype=\"multipart\/form-data\" action=\"\/index.php\/wp-json\/wp\/v2\/pages\/1399\" data-token=\"5b3eb26294aee541b4aecf4f5484381b\"><noscript class=\"wpforms-error-noscript\">Veuillez activer JavaScript dans votre navigateur pour remplir ce formulaire.<\/noscript><div class=\"wpforms-field-container\"><div id=\"wpforms-468-field_0-container\" class=\"wpforms-field wpforms-field-name\" data-field-id=\"0\"><label class=\"wpforms-field-label\" for=\"wpforms-468-field_0\">Nom <span class=\"wpforms-required-label\">*<\/span><\/label><input type=\"text\" id=\"wpforms-468-field_0\" class=\"wpforms-field-large wpforms-field-required\" name=\"wpforms[fields][0]\" required><\/div><div id=\"wpforms-468-field_1-container\" class=\"wpforms-field wpforms-field-email\" data-field-id=\"1\"><label class=\"wpforms-field-label\" for=\"wpforms-468-field_1\">E-mail <span class=\"wpforms-required-label\">*<\/span><\/label><input type=\"email\" id=\"wpforms-468-field_1\" class=\"wpforms-field-large wpforms-field-required\" name=\"wpforms[fields][1]\" spellcheck=\"false\" required><\/div><div id=\"wpforms-468-field_3-container\" class=\"wpforms-field wpforms-field-radio\" data-field-id=\"3\"><label class=\"wpforms-field-label\" for=\"wpforms-468-field_3\">J&#039;ai une question sur<\/label><ul id=\"wpforms-468-field_3\"><li class=\"choice-1 depth-1\"><input type=\"radio\" id=\"wpforms-468-field_3_1\" name=\"wpforms[fields][3]\" value=\"Les services\"  ><label class=\"wpforms-field-label-inline\" for=\"wpforms-468-field_3_1\">Les services<\/label><\/li><li class=\"choice-2 depth-1\"><input type=\"radio\" id=\"wpforms-468-field_3_2\" name=\"wpforms[fields][3]\" value=\"Les places\"  ><label class=\"wpforms-field-label-inline\" for=\"wpforms-468-field_3_2\">Les places<\/label><\/li><li class=\"choice-3 depth-1\"><input type=\"radio\" id=\"wpforms-468-field_3_3\" name=\"wpforms[fields][3]\" value=\"Divers\"  ><label class=\"wpforms-field-label-inline\" for=\"wpforms-468-field_3_3\">Divers<\/label><\/li><\/ul><\/div><div id=\"wpforms-468-field_2-container\" class=\"wpforms-field wpforms-field-textarea\" data-field-id=\"2\"><label class=\"wpforms-field-label\" for=\"wpforms-468-field_2\">Questions ou message <span class=\"wpforms-required-label\">*<\/span><\/label><textarea id=\"wpforms-468-field_2\" class=\"wpforms-field-medium wpforms-field-required\" name=\"wpforms[fields][2]\" required><\/textarea><\/div><\/div><!-- .wpforms-field-container --><div class=\"wpforms-submit-container\" ><input type=\"hidden\" name=\"wpforms[id]\" value=\"468\"><input type=\"hidden\" name=\"wpforms[author]\" value=\"1\"><button type=\"submit\" name=\"wpforms[submit]\" id=\"wpforms-submit-468\" class=\"wpforms-submit\" data-alt-text=\"Sending...\" data-submit-text=\"Submit\" aria-live=\"assertive\" value=\"wpforms-submit\">Submit<\/button><img loading=\"lazy\" decoding=\"async\" src=\"https:\/\/lamaisondemouma.fr\/wp-content\/plugins\/wpforms-lite\/assets\/images\/submit-spin.svg\" class=\"wpforms-submit-spinner\" style=\"display: none;\" width=\"26\" height=\"26\" alt=\"Chargement en cours\"><\/div><\/form><\/div>  <!-- .wpforms-container --><\/div>\n<\/div>\n<\/div><\/div>\n","protected":false},"excerpt":{"rendered":"<p>E-mail lamaisondemouma@hotmail.com T\u00e9l\u00e9phone 07 88 39 16 83 Horaires Lundi-Vendredi: 7h30-18h30Week-end: Ferm\u00e9 On reste en contact ?<\/p>\n","protected":false},"author":1,"featured_media":0,"parent":0,"menu_order":0,"comment_status":"closed","ping_status":"closed","template":"","meta":{"_uag_custom_page_level_css":"","site-sidebar-layout":"no-sidebar","site-content-layout":"page-builder","ast-site-content-layout":"full-width-container","site-content-style":"unboxed","site-sidebar-style":"unboxed","ast-global-header-display":"","ast-banner-title-visibility":"","ast-main-header-display":"","ast-hfb-above-header-display":"","ast-hfb-below-header-display":"","ast-hfb-mobile-header-display":"","site-post-title":"disabled","ast-breadcrumbs-content":"","ast-featured-img":"disabled","footer-sml-layout":"","theme-transparent-header-meta":"enabled","adv-header-id-meta":"","stick-header-meta":"","header-above-stick-meta":"","header-main-stick-meta":"","header-below-stick-meta":"","astra-migrate-meta-layouts":"set","ast-page-background-enabled":"default","ast-page-background-meta":{"desktop":{"background-color":"var(--ast-global-color-4)","background-image":"","background-repeat":"repeat","background-position":"center center","background-size":"auto","background-attachment":"scroll","background-type":"","background-media":"","overlay-type":"","overlay-color":"","overlay-gradient":""},"tablet":{"background-color":"","background-image":"","background-repeat":"repeat","background-position":"center center","background-size":"auto","background-attachment":"scroll","background-type":"","background-media":"","overlay-type":"","overlay-color":"","overlay-gradient":""},"mobile":{"background-color":"","background-image":"","background-repeat":"repeat","background-position":"center center","background-size":"auto","background-attachment":"scroll","background-type":"","background-media":"","overlay-type":"","overlay-color":"","overlay-gradient":""}},"ast-content-background-meta":{"desktop":{"background-color":"var(--ast-global-color-5)","background-image":"","background-repeat":"repeat","background-position":"center center","background-size":"auto","background-attachment":"scroll","background-type":"","background-media":"","overlay-type":"","overlay-color":"","overlay-gradient":""},"tablet":{"background-color":"var(--ast-global-color-5)","background-image":"","background-repeat":"repeat","background-position":"center center","background-size":"auto","background-attachment":"scroll","background-type":"","background-media":"","overlay-type":"","overlay-color":"","overlay-gradient":""},"mobile":{"background-color":"var(--ast-global-color-5)","background-image":"","background-repeat":"repeat","background-position":"center center","background-size":"auto","background-attachment":"scroll","background-type":"","background-media":"","overlay-type":"","overlay-color":"","overlay-gradient":""}},"_themeisle_gutenberg_block_has_review":false,"_ti_tpc_template_sync":false,"_ti_tpc_template_id":"","footnotes":""},"class_list":["post-1399","page","type-page","status-publish","hentry"],"uagb_featured_image_src":{"full":false,"thumbnail":false,"medium":false,"medium_large":false,"large":false,"1536x1536":false,"2048x2048":false,"woocommerce_thumbnail":false,"woocommerce_single":false,"woocommerce_gallery_thumbnail":false},"uagb_author_info":{"display_name":"admin9617","author_link":"https:\/\/lamaisondemouma.fr\/author\/admin9617\/"},"uagb_comment_info":0,"uagb_excerpt":"E-mail lamaisondemouma@hotmail.com T\u00e9l\u00e9phone 07 88 39 16 83 Horaires Lundi-Vendredi: 7h30-18h30Week-end: Ferm\u00e9 On reste en contact ?","_links":{"self":[{"href":"https:\/\/lamaisondemouma.fr\/index.php\/wp-json\/wp\/v2\/pages\/1399","targetHints":{"allow":["GET"]}}],"collection":[{"href":"https:\/\/lamaisondemouma.fr\/index.php\/wp-json\/wp\/v2\/pages"}],"about":[{"href":"https:\/\/lamaisondemouma.fr\/index.php\/wp-json\/wp\/v2\/types\/page"}],"author":[{"embeddable":true,"href":"https:\/\/lamaisondemouma.fr\/index.php\/wp-json\/wp\/v2\/users\/1"}],"replies":[{"embeddable":true,"href":"https:\/\/lamaisondemouma.fr\/index.php\/wp-json\/wp\/v2\/comments?post=1399"}],"version-history":[{"count":14,"href":"https:\/\/lamaisondemouma.fr\/index.php\/wp-json\/wp\/v2\/pages\/1399\/revisions"}],"predecessor-version":[{"id":2997,"href":"https:\/\/lamaisondemouma.fr\/index.php\/wp-json\/wp\/v2\/pages\/1399\/revisions\/2997"}],"wp:attachment":[{"href":"https:\/\/lamaisondemouma.fr\/index.php\/wp-json\/wp\/v2\/media?parent=1399"}],"curies":[{"name":"wp","href":"https:\/\/api.w.org\/{rel}","templated":true}]}}